

{"id":66,"date":"2015-01-25T05:26:13","date_gmt":"2015-01-25T05:26:13","guid":{"rendered":"https:\/\/www.dobrocsi.net\/?page_id=66"},"modified":"2025-11-15T09:57:07","modified_gmt":"2025-11-15T08:57:07","slug":"bemutatkozas","status":"publish","type":"page","link":"https:\/\/www.dobrocsi.net\/?page_id=66","title":{"rendered":"Bemutatkoz\u00e1s"},"content":{"rendered":"<p>Dobrocsi Zsolt vagyok. 1990-ben informatikusk\u00e9nt v\u00e9geztem, majd ezut\u00e1n programoz\u00f3-rendszerszervez\u0151nek tanultam. 1991. \u00f3ta foglalkozom \u00fczletszer\u0171en informatik\u00e1val, ezen bel\u00fcl hardver \u00e9s szoftver fejleszt\u00e9ssel.<\/p>\n<p>A legels\u0151 rendszereim 1990-ben sz\u00e1ml\u00e1z\u00f3 \u00e9s k\u00e9szlet rendszerek, valamint aut\u00f3 keresked\u0151k r\u00e9sz\u00e9re kifejlesztett komplex \u00fcgyviteli rendszerek voltak. Aki m\u00e9g eml\u00e9kszik, 1991-92. volt ennek a kialakul\u00e1s\u00e1nak a h\u0151skora, mindenki ekkor kezdte tanulni a szakm\u00e1t, j\u00f6ttek be nyugatr\u00f3l a haszn\u00e1lt aut\u00f3k ezersz\u00e1mra.<\/p>\n<p>1994-ben \u00edrtam az els\u0151 olyan k\u00e9szlet programot, mely egy g\u00e9pj\u00e1rm\u0171 m\u00e1rkakeresked\u00e9s ill. \u00fczemanyag t\u00f6lt\u0151\u00e1llom\u00e1sokat is m\u0171k\u00f6dtet\u0151 c\u00e9gnek k\u00e9sz\u00fclt. Term\u00e9szetesen itt komplexen kellett gondolkodni, hiszen a keresked\u00e9s mellett szerv\u00edzt is \u00fczemeltettek. Ezt a programot t\u00f6bb m\u00e1rkakeresked\u00e9s is haszn\u00e1lta sok \u00e9vig.<\/p>\n<p>Mivel azt vallom, hogy megb\u00edz\u00e1s alapj\u00e1n egy ismeretlen ter\u00fclet r\u00e9sz\u00e9re nem lehet j\u00f3 eszk\u00f6zt k\u00e9sz\u00edteni, amikor egy nagyobb feladatba v\u00e1gtam, igyekeztem el\u0151sz\u00f6r megtanulni az adott szakm\u00e1t. Bel\u00fclr\u0151l n\u00e9zve mindig k\u00f6nnyebb egy probl\u00e9m\u00e1t felismerni, behat\u00e1rolni \u00e9s megoldani. \u00c9ppen ez\u00e9rt sokf\u00e9le dolgot tanultam \u00e9letem sor\u00e1n, szabadid\u0151m jelent\u0151s r\u00e9sz\u00e9t erre \u00e1ldozva.<\/p>\n<p>A szoftver\u00e9sz\u00e9s mellett terveztem bel\u00e9ptet\u0151 rendszert, aut\u00f3riaszt\u00f3t, telefon alk\u00f6zpontot, k\u00fcl\u00f6nf\u00e9le mikrokontrolleres vez\u00e9rl\u0151 rendszereket \u00e9s m\u00e9g j\u00f3p\u00e1r hasznos holmit :o)<\/p>\n<p>Az aut\u00f3keresked\u0151\/szerviz szoftverek \u00edr\u00e1sa eset\u00e9ben is sok dolgot kellett megtanulnom, k\u00f6zben bele is szerettem ebbe a ter\u00fcletbe. \u00cdgy tov\u00e1bb fejlesztettem tud\u00e1som ebbe az ir\u00e1nyba is, rendelkezem <em>gumiszerel\u0151 \u00e9s ker\u00e9k kiegyens\u00falyoz\u00f3<\/em>, <em>aut\u00f3szerel\u0151<\/em>, valamint <em>aut\u00f3technikus<\/em> v\u00e9gzetts\u00e9ggel \u00e9s els\u0151k k\u00f6z\u00f6tt v\u00e9geztem a Mar\u00f3ti Akad\u00e9mia <em>hibrid \u00e9s elektromos j\u00e1rm\u0171vek szaktanfolyam\u00e1n<\/em>.<\/p>\n<p>Mivel sz\u00e1ml\u00e1z\u00f3-k\u00e9szlet kezel\u0151, k\u00f6nyvel\u0151 \u00e9s m\u00e1s \u00fcgyviteli szoftvereket is \u00edrtam, k\u00e9s\u0151bb <em>p\u00e9nz\u00fcgyi-sz\u00e1mviteli \u00fcgyint\u00e9z\u0151<\/em>nek, majd <em>m\u00e9rlegk\u00e9pes k\u00f6nyvel\u0151<\/em>nek tanultam, ezzel p\u00e1rhuzamosan a Nyugat-Magyarorsz\u00e1gi Egyetem K\u00f6zgazdas\u00e1g Tudom\u00e1nyi Kar\u00e1nak \u00e9gisze alatt szereztem fels\u0151fok\u00fa p\u00e9nz\u00fcgyi v\u00e9gzetts\u00e9get is.<\/p>\n<p>Er\u0151s\u00e1ram\u00fa rendszerek vez\u00e9rl\u00e9seihez sz\u00fcks\u00e9gem volt ilyen ir\u00e1ny\u00fa ismeretekre \u00e9s v\u00e9gzetts\u00e9gre is. Ez\u00e9rt <em>Villanyszerel\u0151<\/em>, majd <em>K\u00f6zvil\u00e1g\u00edt\u00e1si \u00e9s FAM szerel\u0151<\/em>, illetve <em>Villamos biztons\u00e1gi fel\u00fclvizsg\u00e1l\u00f3<\/em> k\u00e9pes\u00edt\u00e9seket szereztem.<\/p>\n<p>M\u00e9g a programoz\u00f3 tanulm\u00e1nyaim megkezd\u00e9s\u00e9vel egyidej\u0171leg, 1991-ben alap\u00edtottam els\u0151 egy\u00e9ni v\u00e1llalkoz\u00e1somat, majd bt-re v\u00e1lt\u00e1s ut\u00e1n, 1996-ban hoztam l\u00e9tre a jelenleg is 100%-os tulajdonomban l\u00e9v\u0151 kft-t. Az \u00e9vek sor\u00e1n t\u00f6bb ezer c\u00e9g \u00fcgyviteli \u00e9s k\u00f6nyvel\u00e9si rendszer\u00e9t alapozt\u00e1k az \u00e1ltalam kifejlesztett programokra. A gazdas\u00e1gi szakter\u00fcleten v\u00e9gzett fejleszt\u0151 munk\u00e1m kiterjed az \u00e1ltal\u00e1nos adminisztrat\u00edv feladatok mellett a k\u00e9szlet kezel\u00e9sre, munkaid\u0151 nyilv\u00e1ntart\u00e1sra, b\u00e9rsz\u00e1mfejt\u00e9sre, egyszeres \u00e9s kett\u0151s k\u00f6nyvel\u00e9sre, t\u00e1rgyi eszk\u00f6z\u00f6k (befektetett eszk\u00f6z\u00f6k) nyilv\u00e1ntart\u00e1s\u00e1ra.<\/p>\n<p><img loading=\"lazy\" decoding=\"async\" class=\"aligncenter\" src=\"https:\/\/www.dobrocsi.net\/images\/portre.jpg\" alt=\"\" width=\"650\" height=\"433\" \/><\/p>\n<p>Amikor nem programot \u00edrok, elektronik\u00e1t tervezek, akkor a m\u0171helyemben vagy kereket szerelek, vagy aut\u00f3t jav\u00edtok&#8230;<\/p>\n<p>Amennyiben szeretne egy konkr\u00e9t k\u00e9rd\u00e9sben b\u0151vebb inform\u00e1ci\u00f3t kapni, k\u00e9rem, k\u00fcldj\u00f6n \u00fczenetet a <em><strong>Kapcsolat<\/strong> <\/em>men\u00fcpontban el\u00e9rhet\u0151 form-on.<\/p>\n","protected":false},"excerpt":{"rendered":"<p>Dobrocsi Zsolt vagyok. 1990-ben informatikusk\u00e9nt v\u00e9geztem, majd ezut\u00e1n programoz\u00f3-rendszerszervez\u0151nek tanultam. 1991. \u00f3ta foglalkozom \u00fczletszer\u0171en informatik\u00e1val, ezen bel\u00fcl hardver \u00e9s szoftver fejleszt\u00e9ssel. A legels\u0151 rendszereim 1990-ben sz\u00e1ml\u00e1z\u00f3 \u00e9s k\u00e9szlet rendszerek, valamint aut\u00f3 keresked\u0151k r\u00e9sz\u00e9re kifejlesztett komplex \u00fcgyviteli rendszerek voltak. Aki m\u00e9g &hellip; <a href=\"https:\/\/www.dobrocsi.net\/?page_id=66\">Egy kattint\u00e1s ide a folytat\u00e1shoz&#8230;. <span class=\"meta-nav\">&rarr;<\/span><\/a><\/p>\n","protected":false},"author":1,"featured_media":0,"parent":0,"menu_order":0,"comment_status":"closed","ping_status":"closed","template":"","meta":{"footnotes":""},"class_list":["post-66","page","type-page","status-publish","hentry"],"_links":{"self":[{"href":"https:\/\/www.dobrocsi.net\/index.php?rest_route=\/wp\/v2\/pages\/66","targetHints":{"allow":["GET"]}}],"collection":[{"href":"https:\/\/www.dobrocsi.net\/index.php?rest_route=\/wp\/v2\/pages"}],"about":[{"href":"https:\/\/www.dobrocsi.net\/index.php?rest_route=\/wp\/v2\/types\/page"}],"author":[{"embeddable":true,"href":"https:\/\/www.dobrocsi.net\/index.php?rest_route=\/wp\/v2\/users\/1"}],"replies":[{"embeddable":true,"href":"https:\/\/www.dobrocsi.net\/index.php?rest_route=%2Fwp%2Fv2%2Fcomments&post=66"}],"version-history":[{"count":0,"href":"https:\/\/www.dobrocsi.net\/index.php?rest_route=\/wp\/v2\/pages\/66\/revisions"}],"wp:attachment":[{"href":"https:\/\/www.dobrocsi.net\/index.php?rest_route=%2Fwp%2Fv2%2Fmedia&parent=66"}],"curies":[{"name":"wp","href":"https:\/\/api.w.org\/{rel}","templated":true}]}}