

{"id":59,"date":"2015-01-25T05:19:48","date_gmt":"2015-01-25T05:19:48","guid":{"rendered":"https:\/\/www.dobrocsi.net\/?page_id=59"},"modified":"2015-01-25T05:41:51","modified_gmt":"2015-01-25T05:41:51","slug":"vorstellung","status":"publish","type":"page","link":"https:\/\/www.dobrocsi.net\/?page_id=59","title":{"rendered":"Vorstellung"},"content":{"rendered":"<p>Mein Name ist Zsolt Dobrocsi. Im Jahr 1990 absolvierte ich als Informatiker, dann habe ich mich f\u00fcr Programmierer Systemorganisator weitergebildet. Seit 1991 besch\u00e4ftige ich mich gesch\u00e4ftsm\u00e4\u00dfig mit Informatik, haupts\u00e4chlich mit Hard- und Softwareentwicklung. Sp\u00e4ter studierte ich weiter als Bilanzbuchhalter, damit gleichzeitig absolvierte ich einen Finanz Hochschulabschluss an der Universit\u00e4t von Westungarische Universit\u00e4t, Fakult\u00e4t f\u00fcr Wirtschaftswissenschaften.<\/p>\n<p>Mit meinem Studienanfang gleichzeitig, 1991 gr\u00fcndete ich meinen ersten Unternehmen, und nach mehreren Wandlungen, habe ich im Jahr 1996 meine jetzige GmbH gegr\u00fcndet, wo ich 100% Inhaber bin. Im Laufe der Jahre haben mehrere Tausende verschiedener Unternehmen ihre Verwaltungs- und Buchf\u00fchrungssystem auf die von mir entwickelten Programme basiert. Meine Arbeit in der wirtschaftlichen Entwicklungsbereich umfasst neben den allgemeinen administrativen Aufgaben auf Gehaltsabrechnung, Einzel-und doppelte Buchf\u00fchrung, Buchf\u00fchrung und auf Anlageverm\u00f6gen (Sachanlagen) Evidenz-f\u00fchrung. Meine weiteren wichtigen Systeme sind die Abrechnungs- und Bestandsmanagement-Programmen.<\/p>\n<p><img loading=\"lazy\" decoding=\"async\" class=\"aligncenter\" src=\"https:\/\/www.dobrocsi.net\/images\/portre.jpg\" alt=\"\" width=\"650\" height=\"433\" \/><\/p>\n<p>Nach Bedarf unternehme ich<\/p>\n<ul>\n<li>die Planung und Implementierung von spezifische Informationssysteme (komplexe Hard- und Software L\u00f6sungen)<\/li>\n<li>Entwicklung von spezifischen Management-Programme (L\u00f6hne, Buchhaltung und andere Aufzeichnungen)<\/li>\n<li>Fertigung von Restaurant-Systeme (Annahme von\u00a0 Bestellungen, Kalkulationen, Rohstoffe, Grundoffe, Lager und Rechnungsstellung)<\/li>\n<li>Planung und Installation von Eintrittssystemen Arbeitszeit-Registrierung, und Sicherheitssysteme, (Hardware und Software Entwicklung, Herstellung und Service Providing Hintergrund)<\/li>\n<\/ul>\n<p>Wenn Sie weitere Informationen zu einem bestimmten Thema w\u00fcnschen, senden Sie bitte eine Nachricht unter Men\u00fc punkt Kontakt auf dem Kontakt-Formular.<\/p>\n","protected":false},"excerpt":{"rendered":"<p>Mein Name ist Zsolt Dobrocsi. Im Jahr 1990 absolvierte ich als Informatiker, dann habe ich mich f\u00fcr Programmierer Systemorganisator weitergebildet. Seit 1991 besch\u00e4ftige ich mich gesch\u00e4ftsm\u00e4\u00dfig mit Informatik, haupts\u00e4chlich mit Hard- und Softwareentwicklung. Sp\u00e4ter studierte ich weiter als Bilanzbuchhalter, damit &hellip; <a href=\"https:\/\/www.dobrocsi.net\/?page_id=59\">Egy kattint\u00e1s ide a folytat\u00e1shoz&#8230;. <span class=\"meta-nav\">&rarr;<\/span><\/a><\/p>\n","protected":false},"author":1,"featured_media":0,"parent":0,"menu_order":0,"comment_status":"closed","ping_status":"closed","template":"","meta":{"footnotes":""},"class_list":["post-59","page","type-page","status-publish","hentry"],"_links":{"self":[{"href":"https:\/\/www.dobrocsi.net\/index.php?rest_route=\/wp\/v2\/pages\/59","targetHints":{"allow":["GET"]}}],"collection":[{"href":"https:\/\/www.dobrocsi.net\/index.php?rest_route=\/wp\/v2\/pages"}],"about":[{"href":"https:\/\/www.dobrocsi.net\/index.php?rest_route=\/wp\/v2\/types\/page"}],"author":[{"embeddable":true,"href":"https:\/\/www.dobrocsi.net\/index.php?rest_route=\/wp\/v2\/users\/1"}],"replies":[{"embeddable":true,"href":"https:\/\/www.dobrocsi.net\/index.php?rest_route=%2Fwp%2Fv2%2Fcomments&post=59"}],"version-history":[{"count":0,"href":"https:\/\/www.dobrocsi.net\/index.php?rest_route=\/wp\/v2\/pages\/59\/revisions"}],"wp:attachment":[{"href":"https:\/\/www.dobrocsi.net\/index.php?rest_route=%2Fwp%2Fv2%2Fmedia&parent=59"}],"curies":[{"name":"wp","href":"https:\/\/api.w.org\/{rel}","templated":true}]}}