

{"id":44,"date":"2015-01-25T04:26:30","date_gmt":"2015-01-25T04:26:30","guid":{"rendered":"https:\/\/www.dobrocsi.net\/?page_id=44"},"modified":"2015-01-25T04:26:43","modified_gmt":"2015-01-25T04:26:43","slug":"kapcsolat-2","status":"publish","type":"page","link":"https:\/\/www.dobrocsi.net\/?page_id=44","title":{"rendered":"Kapcsolat"},"content":{"rendered":"<p>K\u00e9rd\u00e9se van? K\u00fcldj\u00f6n \u00fczenetet!<\/p>\n\n<script language=\"JavaScript\" type=\"text\/javascript\">\n\nfunction focuson() { document.cfwc_contactform.number.focus()}\n\nfunction check(){\nvar str1 = document.getElementById(\"contact_email\").value;\nvar filter=\/^(.+)@(.+).(.+)$\/i\nif (!( filter.test( str1 ))){alert(\"Incorrect email address!\");return false;}\nif(document.getElementById(\"recaptcha_response_field\").value==\"\")\n   {\n       alert(\"Please enter captcha\");\n       return false;\n   }\n}\n<\/script>\n\n<script type=\"text\/javascript\">\n var RecaptchaOptions = {\n    theme : 'red'\n };\n<\/script>\n\n\n\n\n<div id=\"cfwc_contactform\">\n<!-- Contact form with Captcha - For more details visit http:\/\/www.teqlog.com\/wordpress-contact-form-with-captcha-plugin.html -->\n<form action=\"\" method=\"POST\" name=\"ContactForm\" onsubmit=\"return check();\">\n\n<table>\n       <tbody>\n         <tr>\n             <td>\n             <input type=\"hidden\" name=\"token\" value=\"b3452a947e\"\/>\n             Full name \/ Name \/ N\u00e9v             <br>             <input name=\"contact_name\" type=\"text\" value=\"\"\/>\n             <\/td>\n         <\/tr>\n         <tr\/><tr\/><tr\/><tr\/>\n         <tr>\n             <td>\n             E-mail             <br>             <input id=\"contact_email\" name=\"contact_email\" type=\"text\" value=\"\"\/><\/td>\n         <\/tr>\n         <tr\/><tr\/><tr\/><tr\/>\n         <tr>\n             <td>\n             Subject \/ Thema \/ T\u00e1rgy             <br>             <input name=\"contact_subject\" class=\"cfwc_inputdata\" type=\"text\" value=\"\"\/>             <\/td>\n         <\/tr>\n         <tr\/><tr\/><tr\/><tr\/>\n         <tr>\n             <td>\n             Message \/ Frage \/ \u00dczenet             <br>             <textarea name=\"contact_message\" id=\"contact_message\" ><\/textarea><\/td>\n         <\/tr>\n         <tr\/><tr\/><tr\/><tr\/>\n         <tr>\n            <td>\n            <br>                         <div class=\"g-recaptcha\" data-sitekey=\"6Lf6sAsTAAAAACp-I6B2zKqk59UwpOoCMarAEDxx\"><\/div>\n            <script type=\"text\/javascript\"\n                    src=\"https:\/\/www.google.com\/recaptcha\/api.js?hl=en\">\n            <\/script>\n                        <\/td>\n         <\/tr>\n         <tr\/><tr\/><tr\/><tr\/>\n         <tr>\n            <td>\n             <br>             <input name=\"Contact_Send\" value=\"Send \/ Senden \/ K\u00fcld\u00e9s \" type=\"submit\">            \n             <input name=\"SendMessage\"  value=\"1\" type=\"hidden\">\n            <\/td>\n         <\/tr>\n         <tr>\n            <td>\n                         <\/td>\n         <\/tr>\n     <\/tbody>\n<\/table>\n\n<\/form>\n<!-- Contact form with Captcha - For more details visit http:\/\/www.teqlog.com\/wordpress-contact-form-with-captcha-plugin.html -->\n<\/div>\n\n\n\n\n","protected":false},"excerpt":{"rendered":"<p>K\u00e9rd\u00e9se van? K\u00fcldj\u00f6n \u00fczenetet!<\/p>\n","protected":false},"author":1,"featured_media":0,"parent":0,"menu_order":0,"comment_status":"closed","ping_status":"closed","template":"","meta":{"footnotes":""},"class_list":["post-44","page","type-page","status-publish","hentry"],"_links":{"self":[{"href":"https:\/\/www.dobrocsi.net\/index.php?rest_route=\/wp\/v2\/pages\/44","targetHints":{"allow":["GET"]}}],"collection":[{"href":"https:\/\/www.dobrocsi.net\/index.php?rest_route=\/wp\/v2\/pages"}],"about":[{"href":"https:\/\/www.dobrocsi.net\/index.php?rest_route=\/wp\/v2\/types\/page"}],"author":[{"embeddable":true,"href":"https:\/\/www.dobrocsi.net\/index.php?rest_route=\/wp\/v2\/users\/1"}],"replies":[{"embeddable":true,"href":"https:\/\/www.dobrocsi.net\/index.php?rest_route=%2Fwp%2Fv2%2Fcomments&post=44"}],"version-history":[{"count":0,"href":"https:\/\/www.dobrocsi.net\/index.php?rest_route=\/wp\/v2\/pages\/44\/revisions"}],"wp:attachment":[{"href":"https:\/\/www.dobrocsi.net\/index.php?rest_route=%2Fwp%2Fv2%2Fmedia&parent=44"}],"curies":[{"name":"wp","href":"https:\/\/api.w.org\/{rel}","templated":true}]}}