

{"id":25,"date":"2015-01-25T04:10:10","date_gmt":"2015-01-25T04:10:10","guid":{"rendered":"https:\/\/www.dobrocsi.net\/?page_id=25"},"modified":"2015-01-25T05:44:53","modified_gmt":"2015-01-25T05:44:53","slug":"udvozlom","status":"publish","type":"page","link":"https:\/\/www.dobrocsi.net\/?page_id=25","title":{"rendered":"\u00dcdv\u00f6zl\u00f6m!"},"content":{"rendered":"<p>K\u00f6sz\u00f6n\u00f6m, hogy megl\u00e1togatta oldalamat!<\/p>\n","protected":false},"excerpt":{"rendered":"<p>K\u00f6sz\u00f6n\u00f6m, hogy megl\u00e1togatta oldalamat!<\/p>\n","protected":false},"author":1,"featured_media":0,"parent":0,"menu_order":0,"comment_status":"closed","ping_status":"closed","template":"","meta":{"footnotes":""},"class_list":["post-25","page","type-page","status-publish","hentry"],"_links":{"self":[{"href":"https:\/\/www.dobrocsi.net\/index.php?rest_route=\/wp\/v2\/pages\/25","targetHints":{"allow":["GET"]}}],"collection":[{"href":"https:\/\/www.dobrocsi.net\/index.php?rest_route=\/wp\/v2\/pages"}],"about":[{"href":"https:\/\/www.dobrocsi.net\/index.php?rest_route=\/wp\/v2\/types\/page"}],"author":[{"embeddable":true,"href":"https:\/\/www.dobrocsi.net\/index.php?rest_route=\/wp\/v2\/users\/1"}],"replies":[{"embeddable":true,"href":"https:\/\/www.dobrocsi.net\/index.php?rest_route=%2Fwp%2Fv2%2Fcomments&post=25"}],"version-history":[{"count":0,"href":"https:\/\/www.dobrocsi.net\/index.php?rest_route=\/wp\/v2\/pages\/25\/revisions"}],"wp:attachment":[{"href":"https:\/\/www.dobrocsi.net\/index.php?rest_route=%2Fwp%2Fv2%2Fmedia&parent=25"}],"curies":[{"name":"wp","href":"https:\/\/api.w.org\/{rel}","templated":true}]}}